{"id":69,"date":"2021-07-27T11:38:18","date_gmt":"2021-07-27T09:38:18","guid":{"rendered":"http:\/\/xkkwmgo.cluster031.hosting.ovh.net\/accueil\/"},"modified":"2022-05-04T10:37:56","modified_gmt":"2022-05-04T08:37:56","slug":"accueil","status":"publish","type":"page","link":"https:\/\/hansenmuller.lu\/fr\/","title":{"rendered":"Accueil"},"content":{"rendered":"","protected":false},"excerpt":{"rendered":"","protected":false},"author":1,"featured_media":0,"parent":0,"menu_order":0,"comment_status":"closed","ping_status":"closed","template":"template-home.php","meta":{"_acf_changed":false,"inline_featured_image":false,"footnotes":""},"class_list":["post-69","page","type-page","status-publish","hentry"],"acf":[],"yoast_head":"<!-- This site is optimized with the Yoast SEO plugin v24.7 - https:\/\/yoast.com\/wordpress\/plugins\/seo\/ -->\n<title>Accueil - Hansen Muller Marchand<\/title>\n<meta name=\"description\" content=\"L\u2019\u00e9tude a \u00e9t\u00e9 fond\u00e9e en 2015 par Joseph Hansen, Charles Muller et Herv\u00e9 Hansen. C\u00e9line Marchand a rejoint l\u2019\u00e9tude le 1er janvier 2018.\" \/>\n<meta name=\"robots\" content=\"index, follow, max-snippet:-1, max-image-preview:large, max-video-preview:-1\" \/>\n<link rel=\"canonical\" href=\"https:\/\/hansenmuller.lu\/fr\/\" \/>\n<meta property=\"og:locale\" content=\"fr_FR\" \/>\n<meta property=\"og:type\" content=\"article\" \/>\n<meta property=\"og:title\" content=\"Accueil - Hansen Muller Marchand\" \/>\n<meta property=\"og:description\" content=\"L\u2019\u00e9tude a \u00e9t\u00e9 fond\u00e9e en 2015 par Joseph Hansen, Charles Muller et Herv\u00e9 Hansen. C\u00e9line Marchand a rejoint l\u2019\u00e9tude le 1er janvier 2018.\" \/>\n<meta property=\"og:url\" content=\"https:\/\/hansenmuller.lu\/fr\/\" \/>\n<meta property=\"og:site_name\" content=\"Hansen Muller Marchand\" \/>\n<meta property=\"article:modified_time\" content=\"2022-05-04T08:37:56+00:00\" \/>\n<meta name=\"twitter:card\" content=\"summary_large_image\" \/>\n<script type=\"application\/ld+json\" class=\"yoast-schema-graph\">{\"@context\":\"https:\/\/schema.org\",\"@graph\":[{\"@type\":\"WebPage\",\"@id\":\"https:\/\/hansenmuller.lu\/fr\/\",\"url\":\"https:\/\/hansenmuller.lu\/fr\/\",\"name\":\"Accueil - Hansen Muller Marchand\",\"isPartOf\":{\"@id\":\"https:\/\/hansenmuller.lu\/#website\"},\"datePublished\":\"2021-07-27T09:38:18+00:00\",\"dateModified\":\"2022-05-04T08:37:56+00:00\",\"description\":\"L\u2019\u00e9tude a \u00e9t\u00e9 fond\u00e9e en 2015 par Joseph Hansen, Charles Muller et Herv\u00e9 Hansen. C\u00e9line Marchand a rejoint l\u2019\u00e9tude le 1er janvier 2018.\",\"breadcrumb\":{\"@id\":\"https:\/\/hansenmuller.lu\/fr\/#breadcrumb\"},\"inLanguage\":\"fr-FR\",\"potentialAction\":[{\"@type\":\"ReadAction\",\"target\":[\"https:\/\/hansenmuller.lu\/fr\/\"]}]},{\"@type\":\"BreadcrumbList\",\"@id\":\"https:\/\/hansenmuller.lu\/fr\/#breadcrumb\",\"itemListElement\":[{\"@type\":\"ListItem\",\"position\":1,\"name\":\"Home\",\"item\":\"https:\/\/hansenmuller.lu\/fr\/\"},{\"@type\":\"ListItem\",\"position\":2,\"name\":\"Accueil\"}]},{\"@type\":\"WebSite\",\"@id\":\"https:\/\/hansenmuller.lu\/#website\",\"url\":\"https:\/\/hansenmuller.lu\/\",\"name\":\"Hansen Muller Marchand\",\"description\":\"Avocats \u00e0 la cour\",\"publisher\":{\"@id\":\"https:\/\/hansenmuller.lu\/#organization\"},\"potentialAction\":[{\"@type\":\"SearchAction\",\"target\":{\"@type\":\"EntryPoint\",\"urlTemplate\":\"https:\/\/hansenmuller.lu\/?s={search_term_string}\"},\"query-input\":{\"@type\":\"PropertyValueSpecification\",\"valueRequired\":true,\"valueName\":\"search_term_string\"}}],\"inLanguage\":\"fr-FR\"},{\"@type\":\"Organization\",\"@id\":\"https:\/\/hansenmuller.lu\/#organization\",\"name\":\"Hansen Muller Marchand\",\"url\":\"https:\/\/hansenmuller.lu\/\",\"logo\":{\"@type\":\"ImageObject\",\"inLanguage\":\"fr-FR\",\"@id\":\"https:\/\/hansenmuller.lu\/#\/schema\/logo\/image\/\",\"url\":\"http:\/\/xkkwmgo.cluster031.hosting.ovh.net\/wp-content\/uploads\/2022\/04\/hmm_logo_rvb.png\",\"contentUrl\":\"http:\/\/xkkwmgo.cluster031.hosting.ovh.net\/wp-content\/uploads\/2022\/04\/hmm_logo_rvb.png\",\"width\":976,\"height\":507,\"caption\":\"Hansen Muller Marchand\"},\"image\":{\"@id\":\"https:\/\/hansenmuller.lu\/#\/schema\/logo\/image\/\"},\"sameAs\":[\"https:\/\/www.linkedin.com\/company\/hansen-&amp;-muller\/?originalSubdomain=lu\"]}]}<\/script>\n<!-- \/ Yoast SEO plugin. -->","yoast_head_json":{"title":"Accueil - Hansen Muller Marchand","description":"L\u2019\u00e9tude a \u00e9t\u00e9 fond\u00e9e en 2015 par Joseph Hansen, Charles Muller et Herv\u00e9 Hansen. C\u00e9line Marchand a rejoint l\u2019\u00e9tude le 1er janvier 2018.","robots":{"index":"index","follow":"follow","max-snippet":"max-snippet:-1","max-image-preview":"max-image-preview:large","max-video-preview":"max-video-preview:-1"},"canonical":"https:\/\/hansenmuller.lu\/fr\/","og_locale":"fr_FR","og_type":"article","og_title":"Accueil - Hansen Muller Marchand","og_description":"L\u2019\u00e9tude a \u00e9t\u00e9 fond\u00e9e en 2015 par Joseph Hansen, Charles Muller et Herv\u00e9 Hansen. C\u00e9line Marchand a rejoint l\u2019\u00e9tude le 1er janvier 2018.","og_url":"https:\/\/hansenmuller.lu\/fr\/","og_site_name":"Hansen Muller Marchand","article_modified_time":"2022-05-04T08:37:56+00:00","twitter_card":"summary_large_image","schema":{"@context":"https:\/\/schema.org","@graph":[{"@type":"WebPage","@id":"https:\/\/hansenmuller.lu\/fr\/","url":"https:\/\/hansenmuller.lu\/fr\/","name":"Accueil - Hansen Muller Marchand","isPartOf":{"@id":"https:\/\/hansenmuller.lu\/#website"},"datePublished":"2021-07-27T09:38:18+00:00","dateModified":"2022-05-04T08:37:56+00:00","description":"L\u2019\u00e9tude a \u00e9t\u00e9 fond\u00e9e en 2015 par Joseph Hansen, Charles Muller et Herv\u00e9 Hansen. C\u00e9line Marchand a rejoint l\u2019\u00e9tude le 1er janvier 2018.","breadcrumb":{"@id":"https:\/\/hansenmuller.lu\/fr\/#breadcrumb"},"inLanguage":"fr-FR","potentialAction":[{"@type":"ReadAction","target":["https:\/\/hansenmuller.lu\/fr\/"]}]},{"@type":"BreadcrumbList","@id":"https:\/\/hansenmuller.lu\/fr\/#breadcrumb","itemListElement":[{"@type":"ListItem","position":1,"name":"Home","item":"https:\/\/hansenmuller.lu\/fr\/"},{"@type":"ListItem","position":2,"name":"Accueil"}]},{"@type":"WebSite","@id":"https:\/\/hansenmuller.lu\/#website","url":"https:\/\/hansenmuller.lu\/","name":"Hansen Muller Marchand","description":"Avocats \u00e0 la cour","publisher":{"@id":"https:\/\/hansenmuller.lu\/#organization"},"potentialAction":[{"@type":"SearchAction","target":{"@type":"EntryPoint","urlTemplate":"https:\/\/hansenmuller.lu\/?s={search_term_string}"},"query-input":{"@type":"PropertyValueSpecification","valueRequired":true,"valueName":"search_term_string"}}],"inLanguage":"fr-FR"},{"@type":"Organization","@id":"https:\/\/hansenmuller.lu\/#organization","name":"Hansen Muller Marchand","url":"https:\/\/hansenmuller.lu\/","logo":{"@type":"ImageObject","inLanguage":"fr-FR","@id":"https:\/\/hansenmuller.lu\/#\/schema\/logo\/image\/","url":"http:\/\/xkkwmgo.cluster031.hosting.ovh.net\/wp-content\/uploads\/2022\/04\/hmm_logo_rvb.png","contentUrl":"http:\/\/xkkwmgo.cluster031.hosting.ovh.net\/wp-content\/uploads\/2022\/04\/hmm_logo_rvb.png","width":976,"height":507,"caption":"Hansen Muller Marchand"},"image":{"@id":"https:\/\/hansenmuller.lu\/#\/schema\/logo\/image\/"},"sameAs":["https:\/\/www.linkedin.com\/company\/hansen-&amp;-muller\/?originalSubdomain=lu"]}]}},"_links":{"self":[{"href":"https:\/\/hansenmuller.lu\/fr\/wp-json\/wp\/v2\/pages\/69"}],"collection":[{"href":"https:\/\/hansenmuller.lu\/fr\/wp-json\/wp\/v2\/pages"}],"about":[{"href":"https:\/\/hansenmuller.lu\/fr\/wp-json\/wp\/v2\/types\/page"}],"author":[{"embeddable":true,"href":"https:\/\/hansenmuller.lu\/fr\/wp-json\/wp\/v2\/users\/1"}],"replies":[{"embeddable":true,"href":"https:\/\/hansenmuller.lu\/fr\/wp-json\/wp\/v2\/comments?post=69"}],"version-history":[{"count":6,"href":"https:\/\/hansenmuller.lu\/fr\/wp-json\/wp\/v2\/pages\/69\/revisions"}],"predecessor-version":[{"id":171,"href":"https:\/\/hansenmuller.lu\/fr\/wp-json\/wp\/v2\/pages\/69\/revisions\/171"}],"wp:attachment":[{"href":"https:\/\/hansenmuller.lu\/fr\/wp-json\/wp\/v2\/media?parent=69"}],"curies":[{"name":"wp","href":"https:\/\/api.w.org\/{rel}","templated":true}]}}